{"id":52,"date":"2025-06-10T07:48:16","date_gmt":"2025-06-10T07:48:16","guid":{"rendered":"http:\/\/lsplr.iit.academiaromana-is.ro\/?page_id=52"},"modified":"2025-06-10T08:45:46","modified_gmt":"2025-06-10T08:45:46","slug":"acasa","status":"publish","type":"page","link":"https:\/\/lsplr.iit.academiaromana-is.ro\/","title":{"rendered":"Acas\u0103"},"content":{"rendered":"\t\t<div data-elementor-type=\"wp-page\" data-elementor-id=\"52\" class=\"elementor elementor-52\">\n\t\t\t\t<div class=\"elementor-element elementor-element-7708d0f e-flex e-con-boxed e-con e-parent\" data-id=\"7708d0f\" data-element_type=\"container\">\n\t\t\t\t\t<div class=\"e-con-inner\">\n\t\t\t\t<div class=\"elementor-element elementor-element-d8f9ae1 elementor-widget elementor-widget-heading\" data-id=\"d8f9ae1\" data-element_type=\"widget\" data-widget_type=\"heading.default\">\n\t\t\t\t<div class=\"elementor-widget-container\">\n\t\t\t\t\t<h2 class=\"elementor-heading-title elementor-size-default\">LSPLR@ARFI-IIT \n<br>Laboratorul de Stocare \u0219i Prelucrare a Limbii Rom\u00e2ne @ Academia Rom\u00e2n\u0103 Filiala Ia\u0219i<\/h2>\t\t\t\t<\/div>\n\t\t\t\t<\/div>\n\t\t\t\t\t<\/div>\n\t\t\t\t<\/div>\n\t\t<div class=\"elementor-element elementor-element-8768760 e-flex e-con-boxed e-con e-parent\" data-id=\"8768760\" data-element_type=\"container\">\n\t\t\t\t\t<div class=\"e-con-inner\">\n\t\t\t\t<div class=\"elementor-element elementor-element-b0fc719 elementor-widget elementor-widget-text-editor\" data-id=\"b0fc719\" data-element_type=\"widget\" data-widget_type=\"text-editor.default\">\n\t\t\t\t<div class=\"elementor-widget-container\">\n\t\t\t\t\t\t\t\t\t<p>Platforma <b>LSPLR@ARFI-IIT<\/b> (Laboratorul de Stocare \u0219i Prelucrare a Limbii Rom\u00e2ne @ Academia Rom\u00e2n\u0103 Filiala Ia\u0219i &#8211; Institutul de Informatic\u0103 Teoretic\u0103) a fost proiectat\u0103 cu scopul de a deveni un spa\u021biu virtual de lucru \u0219i interac\u021biune, \u00een care cercet\u0103tori ai domeniului prelucr\u0103rii limbajului natural (PLN\/NLP), studen\u021bi \u0219i doctoranzi s\u0103 g\u0103seasc\u0103 metode, algoritmi, seturi de date de antrenament ori gata formate, lucr\u0103ri de specialitate, linkuri c\u0103tre tutoriale \u0219i alte platforme care g\u0103zduiesc tehnologii NLP, precum \u0219i resurse lingvistice, f\u0103r\u0103 de care cercetarea \u0219i aplica\u021biile produse de activit\u0103\u021bilor din acest domeniu nu pot func\u021biona.<\/p><p>Creat ini\u021bial ca un spa\u021biu virtual intern al colectivului de PLN din cadrul Institutului de Informatic\u0103 Teoretic\u0103 din Filiala Ia\u0219i a Academiei Rom\u00e2ne (PLN@ARFI-IIT) pentru g\u0103zduirea doar a crea\u021biilor \u0219tiin\u021bifice proprii, am ales ulterior s\u0103 l\u0103rgim sfera de provenien\u021b\u0103 a tehnologiilor \u0219i resurselor g\u0103zduite, doar o parte a acestora urm\u00e2nd a fi rezultate strict din activitatea acestui grup, acumulate de-a lungul anilor, sau al colabor\u0103rii pe care colectivul nostru a avut-o cu diverse alte grupuri.<\/p><p>Con\u021binutul Platformei este cu predilec\u021bie orientat spre cercetare \u0219i didactica cercet\u0103rii, dar nu neglij\u0103m nici posibilitatea de a dezvolta colabor\u0103ri cu companii private care se preocup\u0103 de prelucrarea limbajului. Limba rom\u00e2n\u0103 \u0219i resursele ei sunt primordiale \u00een interesul nostru, motivat de necesitatea de cre\u0219tere a expunerii electronice a limbii noastre \u00een web, adesea \u00eens\u0103 tehnologiile fiind generale, adic\u0103 aplicabile oric\u0103rei limbi, \u0219i doar resursele dedicate fiind cele care le pot particulariza pentru limba rom\u00e2n\u0103 sau o alta.<\/p>\t\t\t\t\t\t\t\t<\/div>\n\t\t\t\t<\/div>\n\t\t\t\t\t<\/div>\n\t\t\t\t<\/div>\n\t\t<div class=\"elementor-element elementor-element-6c9a9df e-flex e-con-boxed e-con e-parent\" data-id=\"6c9a9df\" data-element_type=\"container\">\n\t\t\t\t\t<div class=\"e-con-inner\">\n\t\t\t\t<div class=\"elementor-element elementor-element-85448a4 elementor-widget-divider--view-line elementor-widget elementor-widget-divider\" data-id=\"85448a4\" data-element_type=\"widget\" data-widget_type=\"divider.default\">\n\t\t\t\t<div class=\"elementor-widget-container\">\n\t\t\t\t\t\t\t<div class=\"elementor-divider\">\n\t\t\t<span class=\"elementor-divider-separator\">\n\t\t\t\t\t\t<\/span>\n\t\t<\/div>\n\t\t\t\t\t\t<\/div>\n\t\t\t\t<\/div>\n\t\t\t\t\t<\/div>\n\t\t\t\t<\/div>\n\t\t<div class=\"elementor-element elementor-element-f767fa4 e-flex e-con-boxed e-con e-parent\" data-id=\"f767fa4\" data-element_type=\"container\">\n\t\t\t\t\t<div class=\"e-con-inner\">\n\t\t\t\t<div class=\"elementor-element elementor-element-5207df8 elementor-widget elementor-widget-heading\" data-id=\"5207df8\" data-element_type=\"widget\" data-widget_type=\"heading.default\">\n\t\t\t\t<div class=\"elementor-widget-container\">\n\t\t\t\t\t<h2 class=\"elementor-heading-title elementor-size-default\">Echip\u0103<\/h2>\t\t\t\t<\/div>\n\t\t\t\t<\/div>\n\t\t\t\t\t<\/div>\n\t\t\t\t<\/div>\n\t\t<div class=\"elementor-element elementor-element-60b0388 e-flex e-con-boxed e-con e-parent\" data-id=\"60b0388\" data-element_type=\"container\">\n\t\t\t\t\t<div class=\"e-con-inner\">\n\t\t<div class=\"elementor-element elementor-element-825c8a8 e-con-full e-flex e-con e-child\" data-id=\"825c8a8\" data-element_type=\"container\">\n\t\t\t\t<div class=\"elementor-element elementor-element-a936f66 elementor-widget elementor-widget-image\" data-id=\"a936f66\" data-element_type=\"widget\" data-widget_type=\"image.default\">\n\t\t\t\t<div class=\"elementor-widget-container\">\n\t\t\t\t\t\t\t\t\t\t\t\t\t\t\t<img fetchpriority=\"high\" decoding=\"async\" width=\"221\" height=\"228\" src=\"https:\/\/lsplr.iit.academiaromana-is.ro\/wp-content\/uploads\/2025\/06\/images-2.jpeg\" class=\"attachment-medium size-medium wp-image-93\" alt=\"\" \/>\t\t\t\t\t\t\t\t\t\t\t\t\t\t\t<\/div>\n\t\t\t\t<\/div>\n\t\t\t\t<div class=\"elementor-element elementor-element-90ef6cf elementor-widget elementor-widget-text-editor\" data-id=\"90ef6cf\" data-element_type=\"widget\" data-widget_type=\"text-editor.default\">\n\t\t\t\t<div class=\"elementor-widget-container\">\n\t\t\t\t\t\t\t\t\t<h4 style=\"text-align: center;\"><strong>Dan Cristea<\/strong><\/h4><p style=\"text-align: center;\"><strong>Cercet\u0103tor \u0218tiin\u021bific I &#8211;\u00a0<\/strong><strong>M.C. A. R.<\/strong><\/p>\t\t\t\t\t\t\t\t<\/div>\n\t\t\t\t<\/div>\n\t\t\t\t<\/div>\n\t\t<div class=\"elementor-element elementor-element-f98f856 e-con-full e-flex e-con e-child\" data-id=\"f98f856\" data-element_type=\"container\">\n\t\t\t\t<div class=\"elementor-element elementor-element-5942b00 elementor-widget elementor-widget-image\" data-id=\"5942b00\" data-element_type=\"widget\" data-widget_type=\"image.default\">\n\t\t\t\t<div class=\"elementor-widget-container\">\n\t\t\t\t\t\t\t\t\t\t\t\t\t\t\t<img decoding=\"async\" width=\"224\" height=\"224\" src=\"https:\/\/lsplr.iit.academiaromana-is.ro\/wp-content\/uploads\/2025\/06\/images.jpeg\" class=\"attachment-medium size-medium wp-image-79\" alt=\"\" srcset=\"https:\/\/lsplr.iit.academiaromana-is.ro\/wp-content\/uploads\/2025\/06\/images.jpeg 224w, https:\/\/lsplr.iit.academiaromana-is.ro\/wp-content\/uploads\/2025\/06\/images-150x150.jpeg 150w\" sizes=\"(max-width: 224px) 100vw, 224px\" \/>\t\t\t\t\t\t\t\t\t\t\t\t\t\t\t<\/div>\n\t\t\t\t<\/div>\n\t\t\t\t<div class=\"elementor-element elementor-element-7385e00 elementor-widget elementor-widget-text-editor\" data-id=\"7385e00\" data-element_type=\"widget\" data-widget_type=\"text-editor.default\">\n\t\t\t\t<div class=\"elementor-widget-container\">\n\t\t\t\t\t\t\t\t\t<h4 style=\"text-align: center;\"><span style=\"color: #000000;\"><strong>Daniela Gifu<\/strong><\/span><\/h4><p style=\"text-align: center;\"><strong>Cercet\u0103tor \u0218tiin\u021bific II<\/strong><\/p>\t\t\t\t\t\t\t\t<\/div>\n\t\t\t\t<\/div>\n\t\t\t\t<\/div>\n\t\t<div class=\"elementor-element elementor-element-07b1b4f e-con-full e-flex e-con e-child\" data-id=\"07b1b4f\" data-element_type=\"container\">\n\t\t\t\t<div class=\"elementor-element elementor-element-348c292 elementor-widget elementor-widget-image\" data-id=\"348c292\" data-element_type=\"widget\" data-widget_type=\"image.default\">\n\t\t\t\t<div class=\"elementor-widget-container\">\n\t\t\t\t\t\t\t\t\t\t\t\t\t\t\t<img decoding=\"async\" width=\"224\" height=\"224\" src=\"https:\/\/lsplr.iit.academiaromana-is.ro\/wp-content\/uploads\/2025\/06\/CeciliaBolea.jpeg\" class=\"attachment-large size-large wp-image-75\" alt=\"\" srcset=\"https:\/\/lsplr.iit.academiaromana-is.ro\/wp-content\/uploads\/2025\/06\/CeciliaBolea.jpeg 224w, https:\/\/lsplr.iit.academiaromana-is.ro\/wp-content\/uploads\/2025\/06\/CeciliaBolea-150x150.jpeg 150w\" sizes=\"(max-width: 224px) 100vw, 224px\" \/>\t\t\t\t\t\t\t\t\t\t\t\t\t\t\t<\/div>\n\t\t\t\t<\/div>\n\t\t\t\t<div class=\"elementor-element elementor-element-6a87795 elementor-widget elementor-widget-text-editor\" data-id=\"6a87795\" data-element_type=\"widget\" data-widget_type=\"text-editor.default\">\n\t\t\t\t<div class=\"elementor-widget-container\">\n\t\t\t\t\t\t\t\t\t<h4 style=\"text-align: center;\"><strong>Cecilia Bolea<\/strong><\/h4><p style=\"text-align: center;\"><strong>Cercet\u0103tor \u0218tiin\u021bific<\/strong><\/p>\t\t\t\t\t\t\t\t<\/div>\n\t\t\t\t<\/div>\n\t\t\t\t<\/div>\n\t\t<div class=\"elementor-element elementor-element-3804a5f e-con-full e-flex e-con e-child\" data-id=\"3804a5f\" data-element_type=\"container\">\n\t\t\t\t<div class=\"elementor-element elementor-element-c4db107 elementor-widget elementor-widget-image\" data-id=\"c4db107\" data-element_type=\"widget\" data-widget_type=\"image.default\">\n\t\t\t\t<div class=\"elementor-widget-container\">\n\t\t\t\t\t\t\t\t\t\t\t\t\t\t\t<img loading=\"lazy\" decoding=\"async\" width=\"200\" height=\"200\" src=\"https:\/\/lsplr.iit.academiaromana-is.ro\/wp-content\/uploads\/2025\/06\/PetruRebeja.jpeg\" class=\"attachment-large size-large wp-image-78\" alt=\"\" srcset=\"https:\/\/lsplr.iit.academiaromana-is.ro\/wp-content\/uploads\/2025\/06\/PetruRebeja.jpeg 200w, https:\/\/lsplr.iit.academiaromana-is.ro\/wp-content\/uploads\/2025\/06\/PetruRebeja-150x150.jpeg 150w\" sizes=\"(max-width: 200px) 100vw, 200px\" \/>\t\t\t\t\t\t\t\t\t\t\t\t\t\t\t<\/div>\n\t\t\t\t<\/div>\n\t\t\t\t<div class=\"elementor-element elementor-element-cd73aef elementor-widget elementor-widget-text-editor\" data-id=\"cd73aef\" data-element_type=\"widget\" data-widget_type=\"text-editor.default\">\n\t\t\t\t<div class=\"elementor-widget-container\">\n\t\t\t\t\t\t\t\t\t<h4 style=\"text-align: center;\"><strong>Petru Rebeja<\/strong><\/h4><p style=\"text-align: center;\"><strong>Cercet\u0103tor \u0218tiin\u021bific<\/strong><\/p>\t\t\t\t\t\t\t\t<\/div>\n\t\t\t\t<\/div>\n\t\t\t\t<\/div>\n\t\t<div class=\"elementor-element elementor-element-d9d9ffd e-con-full e-flex e-con e-child\" data-id=\"d9d9ffd\" data-element_type=\"container\">\n\t\t\t\t<div class=\"elementor-element elementor-element-4002c9c elementor-widget elementor-widget-image\" data-id=\"4002c9c\" data-element_type=\"widget\" data-widget_type=\"image.default\">\n\t\t\t\t<div class=\"elementor-widget-container\">\n\t\t\t\t\t\t\t\t\t\t\t\t\t\t\t<img loading=\"lazy\" decoding=\"async\" width=\"192\" height=\"192\" src=\"https:\/\/lsplr.iit.academiaromana-is.ro\/wp-content\/uploads\/2025\/06\/AndreiScutelnicu.png\" class=\"attachment-large size-large wp-image-72\" alt=\"\" srcset=\"https:\/\/lsplr.iit.academiaromana-is.ro\/wp-content\/uploads\/2025\/06\/AndreiScutelnicu.png 192w, https:\/\/lsplr.iit.academiaromana-is.ro\/wp-content\/uploads\/2025\/06\/AndreiScutelnicu-150x150.png 150w\" sizes=\"(max-width: 192px) 100vw, 192px\" \/>\t\t\t\t\t\t\t\t\t\t\t\t\t\t\t<\/div>\n\t\t\t\t<\/div>\n\t\t\t\t<div class=\"elementor-element elementor-element-4036d2a elementor-widget elementor-widget-text-editor\" data-id=\"4036d2a\" data-element_type=\"widget\" data-widget_type=\"text-editor.default\">\n\t\t\t\t<div class=\"elementor-widget-container\">\n\t\t\t\t\t\t\t\t\t<h4 style=\"text-align: center;\"><strong>Andrei Scutelnicu<\/strong><\/h4><p style=\"text-align: center;\"><strong>Cercet\u0103tor \u0218tiin\u021bific<\/strong><\/p>\t\t\t\t\t\t\t\t<\/div>\n\t\t\t\t<\/div>\n\t\t\t\t<\/div>\n\t\t<div class=\"elementor-element elementor-element-e874d98 e-con-full e-flex e-con e-child\" data-id=\"e874d98\" data-element_type=\"container\">\n\t\t\t\t<div class=\"elementor-element elementor-element-f70ff38 elementor-widget elementor-widget-image\" data-id=\"f70ff38\" data-element_type=\"widget\" data-widget_type=\"image.default\">\n\t\t\t\t<div class=\"elementor-widget-container\">\n\t\t\t\t\t\t\t\t\t\t\t\t\t\t\t<img loading=\"lazy\" decoding=\"async\" width=\"160\" height=\"185\" src=\"https:\/\/lsplr.iit.academiaromana-is.ro\/wp-content\/uploads\/2025\/06\/LauraPistol.jpeg\" class=\"attachment-large size-large wp-image-77\" alt=\"\" \/>\t\t\t\t\t\t\t\t\t\t\t\t\t\t\t<\/div>\n\t\t\t\t<\/div>\n\t\t\t\t<div class=\"elementor-element elementor-element-475f340 elementor-widget elementor-widget-text-editor\" data-id=\"475f340\" data-element_type=\"widget\" data-widget_type=\"text-editor.default\">\n\t\t\t\t<div class=\"elementor-widget-container\">\n\t\t\t\t\t\t\t\t\t<h4 style=\"text-align: center;\"><strong>Laura Pistol<\/strong><\/h4><p style=\"text-align: center;\"><strong>Asistent Cercetare \u0218tiin\u021bific\u0103<\/strong><\/p>\t\t\t\t\t\t\t\t<\/div>\n\t\t\t\t<\/div>\n\t\t\t\t<\/div>\n\t\t\t\t\t<\/div>\n\t\t\t\t<\/div>\n\t\t<div class=\"elementor-element elementor-element-a6fb3b8 e-flex e-con-boxed e-con e-parent\" data-id=\"a6fb3b8\" data-element_type=\"container\">\n\t\t\t\t\t<div class=\"e-con-inner\">\n\t\t\t\t<div class=\"elementor-element elementor-element-703d7f6 elementor-widget-divider--view-line elementor-widget elementor-widget-divider\" data-id=\"703d7f6\" data-element_type=\"widget\" data-widget_type=\"divider.default\">\n\t\t\t\t<div class=\"elementor-widget-container\">\n\t\t\t\t\t\t\t<div class=\"elementor-divider\">\n\t\t\t<span class=\"elementor-divider-separator\">\n\t\t\t\t\t\t<\/span>\n\t\t<\/div>\n\t\t\t\t\t\t<\/div>\n\t\t\t\t<\/div>\n\t\t\t\t\t<\/div>\n\t\t\t\t<\/div>\n\t\t<div class=\"elementor-element elementor-element-0e20b6e e-flex e-con-boxed e-con e-parent\" data-id=\"0e20b6e\" data-element_type=\"container\">\n\t\t\t\t\t<div class=\"e-con-inner\">\n\t\t\t\t<div class=\"elementor-element elementor-element-11f7232 elementor-widget elementor-widget-heading\" data-id=\"11f7232\" data-element_type=\"widget\" data-widget_type=\"heading.default\">\n\t\t\t\t<div class=\"elementor-widget-container\">\n\t\t\t\t\t<h2 class=\"elementor-heading-title elementor-size-default\">Contact<\/h2>\t\t\t\t<\/div>\n\t\t\t\t<\/div>\n\t\t\t\t\t<\/div>\n\t\t\t\t<\/div>\n\t\t<div class=\"elementor-element elementor-element-e5bea4a e-flex e-con-boxed e-con e-parent\" data-id=\"e5bea4a\" data-element_type=\"container\">\n\t\t\t\t\t<div class=\"e-con-inner\">\n\t\t<div class=\"elementor-element elementor-element-aefa733 e-con-full e-flex e-con e-child\" data-id=\"aefa733\" data-element_type=\"container\">\n\t\t\t\t<div class=\"elementor-element elementor-element-2a1cc7f elementor-widget elementor-widget-text-editor\" data-id=\"2a1cc7f\" data-element_type=\"widget\" data-widget_type=\"text-editor.default\">\n\t\t\t\t<div class=\"elementor-widget-container\">\n\t\t\t\t\t\t\t\t\t<h4>Date de contact:<\/h4><p>E-mail: <a href=\"mailto:secretariat@iit.academiaromana-is.ro\">secretariat@iit.academiaromana-is.ro<\/a><\/p><p>Adres\u0103: Str. T. Codrescu nr.2, cod 700481, IASI, Romania<\/p><p>Telefon: <a href=\"tel:+40332106505\">+40 332 106505<\/a><\/p>\t\t\t\t\t\t\t\t<\/div>\n\t\t\t\t<\/div>\n\t\t\t\t<\/div>\n\t\t<div class=\"elementor-element elementor-element-93c1cf3 e-con-full e-flex e-con e-child\" data-id=\"93c1cf3\" data-element_type=\"container\">\n\t\t\t\t<div class=\"elementor-element elementor-element-aeaa84e elementor-widget elementor-widget-text-editor\" data-id=\"aeaa84e\" data-element_type=\"widget\" data-widget_type=\"text-editor.default\">\n\t\t\t\t<div class=\"elementor-widget-container\">\n\t\t\t\t\t\t\t\t\t<iframe src=\"https:\/\/www.google.com\/maps\/embed?pb=!1m18!1m12!1m3!1d2711.271384556152!2d27.572601712281198!3d47.17707647103329!2m3!1f0!2f0!3f0!3m2!1i1024!2i768!4f13.1!3m3!1m2!1s0x40cafc9e3c1c540d%3A0x5a16a180887adef4!2sInstitutul%20de%20Informatic%C4%83%20Teoretic%C4%83!5e0!3m2!1sro!2sro!4v1749545122708!5m2!1sro!2sro\" width=\"600\" height=\"300\" style=\"border:0;\" allowfullscreen=\"\" loading=\"lazy\" referrerpolicy=\"no-referrer-when-downgrade\"><\/iframe>\t\t\t\t\t\t\t\t<\/div>\n\t\t\t\t<\/div>\n\t\t\t\t<\/div>\n\t\t\t\t\t<\/div>\n\t\t\t\t<\/div>\n\t\t\t\t<\/div>\n\t\t","protected":false},"excerpt":{"rendered":"<p>LSPLR@ARFI-IIT Laboratorul de Stocare \u0219i Prelucrare a Limbii Rom\u00e2ne @ Academia Rom\u00e2n\u0103 Filiala Ia\u0219i Platforma [&hellip;]<\/p>\n","protected":false},"author":1,"featured_media":66,"parent":0,"menu_order":0,"comment_status":"closed","ping_status":"closed","template":"","meta":{"footnotes":""},"class_list":["post-52","page","type-page","status-publish","has-post-thumbnail","hentry"],"_links":{"self":[{"href":"https:\/\/lsplr.iit.academiaromana-is.ro\/index.php\/wp-json\/wp\/v2\/pages\/52","targetHints":{"allow":["GET"]}}],"collection":[{"href":"https:\/\/lsplr.iit.academiaromana-is.ro\/index.php\/wp-json\/wp\/v2\/pages"}],"about":[{"href":"https:\/\/lsplr.iit.academiaromana-is.ro\/index.php\/wp-json\/wp\/v2\/types\/page"}],"author":[{"embeddable":true,"href":"https:\/\/lsplr.iit.academiaromana-is.ro\/index.php\/wp-json\/wp\/v2\/users\/1"}],"replies":[{"embeddable":true,"href":"https:\/\/lsplr.iit.academiaromana-is.ro\/index.php\/wp-json\/wp\/v2\/comments?post=52"}],"version-history":[{"count":47,"href":"https:\/\/lsplr.iit.academiaromana-is.ro\/index.php\/wp-json\/wp\/v2\/pages\/52\/revisions"}],"predecessor-version":[{"id":125,"href":"https:\/\/lsplr.iit.academiaromana-is.ro\/index.php\/wp-json\/wp\/v2\/pages\/52\/revisions\/125"}],"wp:featuredmedia":[{"embeddable":true,"href":"https:\/\/lsplr.iit.academiaromana-is.ro\/index.php\/wp-json\/wp\/v2\/media\/66"}],"wp:attachment":[{"href":"https:\/\/lsplr.iit.academiaromana-is.ro\/index.php\/wp-json\/wp\/v2\/media?parent=52"}],"curies":[{"name":"wp","href":"https:\/\/api.w.org\/{rel}","templated":true}]}}